{"id":5803,"date":"2024-05-21T15:19:35","date_gmt":"2024-05-21T13:19:35","guid":{"rendered":"https:\/\/www.chaussee.de\/?page_id=5803"},"modified":"2026-02-08T08:28:37","modified_gmt":"2026-02-08T07:28:37","slug":"speisen-und-getraenke","status":"publish","type":"page","link":"https:\/\/www.chaussee.de\/en\/brasserie-und-garten\/speisen-und-getraenke\/","title":{"rendered":"Food &amp; Drinks"},"content":{"rendered":"\t\t<div data-elementor-type=\"wp-page\" data-elementor-id=\"5803\" class=\"elementor elementor-5803\" data-elementor-post-type=\"page\">\n\t\t\t\t<div class=\"elementor-element elementor-element-c474930 e-flex e-con-boxed e-con e-parent\" data-id=\"c474930\" data-element_type=\"container\" data-e-type=\"container\">\n\t\t\t\t\t<div class=\"e-con-inner\">\n\t\t\t\t<div class=\"elementor-element elementor-element-5d7336c elementor-widget elementor-widget-heading\" data-id=\"5d7336c\" data-element_type=\"widget\" data-e-type=\"widget\" data-widget_type=\"heading.default\">\n\t\t\t\t<div class=\"elementor-widget-container\">\n\t\t\t\t\t<h1 class=\"elementor-heading-title elementor-size-default\">Speisen &amp; Getr\u00e4nke<\/h1>\t\t\t\t<\/div>\n\t\t\t\t<\/div>\n\t\t\t\t<div class=\"elementor-element elementor-element-8e2c94c elementor-widget elementor-widget-text-editor\" data-id=\"8e2c94c\" data-element_type=\"widget\" data-e-type=\"widget\" data-widget_type=\"text-editor.default\">\n\t\t\t\t<div class=\"elementor-widget-container\">\n\t\t\t\t\t\t\t\t\t<p>Entdecken Sie die kulinarische Vielfalt der Brasserie Chaussee! Unsere Speisekarte bietet eine verlockende Auswahl an traditionellen K\u00f6stlichkeiten und erfrischenden Getr\u00e4nken. Von k\u00f6stlichen Vorspeisen bis hin zu exquisiten Hauptgerichten, begleitet von erlesenen Weinen und erfrischenden Getr\u00e4nken, laden wir Sie ein, Ihre Sinne zu verw\u00f6hnen. Genie\u00dfen Sie ein unvergessliches kulinarisches Erlebnis bei uns!<\/p>\t\t\t\t\t\t\t\t<\/div>\n\t\t\t\t<\/div>\n\t\t\t\t\t<\/div>\n\t\t\t\t<\/div>\n\t\t<div class=\"elementor-element elementor-element-bb2498f e-con-full e-flex e-con e-parent\" data-id=\"bb2498f\" data-element_type=\"container\" data-e-type=\"container\" data-settings=\"{&quot;background_background&quot;:&quot;slideshow&quot;,&quot;background_slideshow_gallery&quot;:[{&quot;id&quot;:6872,&quot;url&quot;:&quot;https:\\\/\\\/www.chaussee.de\\\/wp-content\\\/uploads\\\/IMG_3894-scaled.jpg&quot;},{&quot;id&quot;:6858,&quot;url&quot;:&quot;https:\\\/\\\/www.chaussee.de\\\/wp-content\\\/uploads\\\/IMG_3853-scaled.jpg&quot;},{&quot;id&quot;:6864,&quot;url&quot;:&quot;https:\\\/\\\/www.chaussee.de\\\/wp-content\\\/uploads\\\/IMG_3850-scaled.jpg&quot;},{&quot;id&quot;:6870,&quot;url&quot;:&quot;https:\\\/\\\/www.chaussee.de\\\/wp-content\\\/uploads\\\/IMG_3960-scaled.jpg&quot;},{&quot;id&quot;:6871,&quot;url&quot;:&quot;https:\\\/\\\/www.chaussee.de\\\/wp-content\\\/uploads\\\/IMG_3869-scaled.jpg&quot;},{&quot;id&quot;:1775,&quot;url&quot;:&quot;https:\\\/\\\/www.chaussee.de\\\/wp-content\\\/uploads\\\/2022\\\/03\\\/Fruestueck2.jpeg&quot;}],&quot;background_slideshow_ken_burns&quot;:&quot;yes&quot;,&quot;shape_divider_top&quot;:&quot;mountains&quot;,&quot;shape_divider_bottom&quot;:&quot;mountains&quot;,&quot;background_slideshow_lazyload&quot;:&quot;yes&quot;,&quot;background_slideshow_loop&quot;:&quot;yes&quot;,&quot;background_slideshow_slide_duration&quot;:5000,&quot;background_slideshow_slide_transition&quot;:&quot;fade&quot;,&quot;background_slideshow_transition_duration&quot;:500,&quot;background_slideshow_ken_burns_zoom_direction&quot;:&quot;in&quot;}\">\n\t\t\t\t<div class=\"elementor-shape elementor-shape-top\" aria-hidden=\"true\" data-negative=\"false\">\n\t\t\t<svg xmlns=\"http:\/\/www.w3.org\/2000\/svg\" viewBox=\"0 0 1000 100\" preserveAspectRatio=\"none\">\n\t<path class=\"elementor-shape-fill\" opacity=\"0.33\" d=\"M473,67.3c-203.9,88.3-263.1-34-320.3,0C66,119.1,0,59.7,0,59.7V0h1000v59.7 c0,0-62.1,26.1-94.9,29.3c-32.8,3.3-62.8-12.3-75.8-22.1C806,49.6,745.3,8.7,694.9,4.7S492.4,59,473,67.3z\"\/>\n\t<path class=\"elementor-shape-fill\" opacity=\"0.66\" d=\"M734,67.3c-45.5,0-77.2-23.2-129.1-39.1c-28.6-8.7-150.3-10.1-254,39.1 s-91.7-34.4-149.2,0C115.7,118.3,0,39.8,0,39.8V0h1000v36.5c0,0-28.2-18.5-92.1-18.5C810.2,18.1,775.7,67.3,734,67.3z\"\/>\n\t<path class=\"elementor-shape-fill\" d=\"M766.1,28.9c-200-57.5-266,65.5-395.1,19.5C242,1.8,242,5.4,184.8,20.6C128,35.8,132.3,44.9,89.9,52.5C28.6,63.7,0,0,0,0 h1000c0,0-9.9,40.9-83.6,48.1S829.6,47,766.1,28.9z\"\/>\n<\/svg>\t\t<\/div>\n\t\t\t\t<div class=\"elementor-shape elementor-shape-bottom\" aria-hidden=\"true\" data-negative=\"false\">\n\t\t\t<svg xmlns=\"http:\/\/www.w3.org\/2000\/svg\" viewBox=\"0 0 1000 100\" preserveAspectRatio=\"none\">\n\t<path class=\"elementor-shape-fill\" opacity=\"0.33\" d=\"M473,67.3c-203.9,88.3-263.1-34-320.3,0C66,119.1,0,59.7,0,59.7V0h1000v59.7 c0,0-62.1,26.1-94.9,29.3c-32.8,3.3-62.8-12.3-75.8-22.1C806,49.6,745.3,8.7,694.9,4.7S492.4,59,473,67.3z\"\/>\n\t<path class=\"elementor-shape-fill\" opacity=\"0.66\" d=\"M734,67.3c-45.5,0-77.2-23.2-129.1-39.1c-28.6-8.7-150.3-10.1-254,39.1 s-91.7-34.4-149.2,0C115.7,118.3,0,39.8,0,39.8V0h1000v36.5c0,0-28.2-18.5-92.1-18.5C810.2,18.1,775.7,67.3,734,67.3z\"\/>\n\t<path class=\"elementor-shape-fill\" d=\"M766.1,28.9c-200-57.5-266,65.5-395.1,19.5C242,1.8,242,5.4,184.8,20.6C128,35.8,132.3,44.9,89.9,52.5C28.6,63.7,0,0,0,0 h1000c0,0-9.9,40.9-83.6,48.1S829.6,47,766.1,28.9z\"\/>\n<\/svg>\t\t<\/div>\n\t\t<div class=\"elementor-element elementor-element-2d94765 e-con-full e-flex e-con e-child\" data-id=\"2d94765\" data-element_type=\"container\" data-e-type=\"container\">\n\t\t<div class=\"elementor-element elementor-element-2780e5d e-con-full e-flex e-con e-child\" data-id=\"2780e5d\" data-element_type=\"container\" data-e-type=\"container\">\n\t\t\t\t<div class=\"elementor-element elementor-element-2b482ba elementor-align-center elementor-mobile-align-center elementor-widget elementor-widget-button\" data-id=\"2b482ba\" data-element_type=\"widget\" data-e-type=\"widget\" data-widget_type=\"button.default\">\n\t\t\t\t<div class=\"elementor-widget-container\">\n\t\t\t\t\t\t\t\t\t<div class=\"elementor-button-wrapper\">\n\t\t\t\t\t<a class=\"elementor-button elementor-button-link elementor-size-sm\" href=\"https:\/\/www.chaussee.de\/wp-content\/uploads\/Speisen-und-Getraenke.pdf\" target=\"_blank\" id=\"matomo-track_button_click_speise-und-getraenkekarte\">\n\t\t\t\t\t\t<span class=\"elementor-button-content-wrapper\">\n\t\t\t\t\t\t<span class=\"elementor-button-icon\">\n\t\t\t\t<svg aria-hidden=\"true\" class=\"e-font-icon-svg e-fas-file-pdf\" viewBox=\"0 0 384 512\" xmlns=\"http:\/\/www.w3.org\/2000\/svg\"><path d=\"M181.9 256.1c-5-16-4.9-46.9-2-46.9 8.4 0 7.6 36.9 2 46.9zm-1.7 47.2c-7.7 20.2-17.3 43.3-28.4 62.7 18.3-7 39-17.2 62.9-21.9-12.7-9.6-24.9-23.4-34.5-40.8zM86.1 428.1c0 .8 13.2-5.4 34.9-40.2-6.7 6.3-29.1 24.5-34.9 40.2zM248 160h136v328c0 13.3-10.7 24-24 24H24c-13.3 0-24-10.7-24-24V24C0 10.7 10.7 0 24 0h200v136c0 13.2 10.8 24 24 24zm-8 171.8c-20-12.2-33.3-29-42.7-53.8 4.5-18.5 11.6-46.6 6.2-64.2-4.7-29.4-42.4-26.5-47.8-6.8-5 18.3-.4 44.1 8.1 77-11.6 27.6-28.7 64.6-40.8 85.8-.1 0-.1.1-.2.1-27.1 13.9-73.6 44.5-54.5 68 5.6 6.9 16 10 21.5 10 17.9 0 35.7-18 61.1-61.8 25.8-8.5 54.1-19.1 79-23.2 21.7 11.8 47.1 19.5 64 19.5 29.2 0 31.2-32 19.7-43.4-13.9-13.6-54.3-9.7-73.6-7.2zM377 105L279 7c-4.5-4.5-10.6-7-17-7h-6v128h128v-6.1c0-6.3-2.5-12.4-7-16.9zm-74.1 255.3c4.1-2.7-2.5-11.9-42.8-9 37.1 15.8 42.8 9 42.8 9z\"><\/path><\/svg>\t\t\t<\/span>\n\t\t\t\t\t\t\t\t\t<span class=\"elementor-button-text\">Speise- &amp; Getr\u00e4nkekarte \u00f6ffnen<\/span>\n\t\t\t\t\t<\/span>\n\t\t\t\t\t<\/a>\n\t\t\t\t<\/div>\n\t\t\t\t\t\t\t\t<\/div>\n\t\t\t\t<\/div>\n\t\t\t\t<\/div>\n\t\t\t\t<\/div>\n\t\t\t\t<\/div>\n\t\t<div class=\"elementor-element elementor-element-3a32ef0 e-flex e-con-boxed e-con e-parent\" data-id=\"3a32ef0\" data-element_type=\"container\" data-e-type=\"container\">\n\t\t\t\t\t<div class=\"e-con-inner\">\n\t\t\t\t<div class=\"elementor-element elementor-element-22c9525 elementor-widget elementor-widget-heading\" data-id=\"22c9525\" data-element_type=\"widget\" data-e-type=\"widget\" data-widget_type=\"heading.default\">\n\t\t\t\t<div class=\"elementor-widget-container\">\n\t\t\t\t\t<h2 class=\"elementor-heading-title elementor-size-default\">Ein Auszug unserer Speisen<\/h2>\t\t\t\t<\/div>\n\t\t\t\t<\/div>\n\t\t\t\t<div class=\"elementor-element elementor-element-9fe72f3 elementor-widget elementor-widget-gallery\" data-id=\"9fe72f3\" data-element_type=\"widget\" data-e-type=\"widget\" data-settings=\"{&quot;gallery_layout&quot;:&quot;masonry&quot;,&quot;columns_tablet&quot;:3,&quot;columns_mobile&quot;:2,&quot;lazyload&quot;:&quot;yes&quot;,&quot;columns&quot;:4,&quot;gap&quot;:{&quot;unit&quot;:&quot;px&quot;,&quot;size&quot;:10,&quot;sizes&quot;:[]},&quot;gap_tablet&quot;:{&quot;unit&quot;:&quot;px&quot;,&quot;size&quot;:10,&quot;sizes&quot;:[]},&quot;gap_mobile&quot;:{&quot;unit&quot;:&quot;px&quot;,&quot;size&quot;:10,&quot;sizes&quot;:[]},&quot;link_to&quot;:&quot;file&quot;,&quot;content_hover_animation&quot;:&quot;fade-in&quot;}\" data-widget_type=\"gallery.default\">\n\t\t\t\t<div class=\"elementor-widget-container\">\n\t\t\t\t\t\t\t<div class=\"elementor-gallery__container\">\n\t\t\t\t\t\t\t<a class=\"e-gallery-item elementor-gallery-item elementor-animated-content\" href=\"https:\/\/www.chaussee.de\/wp-content\/uploads\/IMG_4245-scaled.jpg\" data-elementor-open-lightbox=\"yes\" data-elementor-lightbox-slideshow=\"9fe72f3\" data-elementor-lightbox-title=\"Kochk\u00e4seschnitzel mit Pommes frites\" data-elementor-lightbox-description=\"Paniertes Schweineschnitzel mit selbstgemachtem Kochk\u00e4se\" data-e-action-hash=\"#elementor-action%3Aaction%3Dlightbox%26settings%3DeyJpZCI6Nzc3NCwidXJsIjoiaHR0cHM6XC9cL3d3dy5jaGF1c3NlZS5kZVwvd3AtY29udGVudFwvdXBsb2Fkc1wvSU1HXzQyNDUtc2NhbGVkLmpwZyIsInNsaWRlc2hvdyI6IjlmZTcyZjMifQ%3D%3D\">\n\t\t\t\t\t<div class=\"e-gallery-image elementor-gallery-item__image\" data-thumbnail=\"https:\/\/www.chaussee.de\/wp-content\/uploads\/IMG_4245-375x500.jpg\" data-width=\"375\" data-height=\"500\" aria-label=\"3 kleine panierte Schweineschnitzel, daneben ein Glast\u00f6pfchen selbstgemachten Kochk\u00e4ses, mit d\u00fcnnen Pommes frites daneben und zur Deko Schittlauch und Cocktailtomaten auf einem gr\u00fcnen Teller\" role=\"img\" ><\/div>\n\t\t\t\t\t\t\t\t\t\t\t\t\t\t<\/a>\n\t\t\t\t\t\t\t<a class=\"e-gallery-item elementor-gallery-item elementor-animated-content\" href=\"https:\/\/www.chaussee.de\/wp-content\/uploads\/IMG_3930-3-scaled.jpg\" data-elementor-open-lightbox=\"yes\" data-elementor-lightbox-slideshow=\"9fe72f3\" data-elementor-lightbox-title=\"Geschmorte Lammstelze auf mediterranem Kartoffel-Gem\u00fcse-Ragout\" data-e-action-hash=\"#elementor-action%3Aaction%3Dlightbox%26settings%3DeyJpZCI6Njg1NCwidXJsIjoiaHR0cHM6XC9cL3d3dy5jaGF1c3NlZS5kZVwvd3AtY29udGVudFwvdXBsb2Fkc1wvSU1HXzM5MzAtMy1zY2FsZWQuanBnIiwic2xpZGVzaG93IjoiOWZlNzJmMyJ9\">\n\t\t\t\t\t<div class=\"e-gallery-image elementor-gallery-item__image\" data-thumbnail=\"https:\/\/www.chaussee.de\/wp-content\/uploads\/IMG_3930-3-366x500.jpg\" data-width=\"366\" data-height=\"500\" aria-label=\"Geschmorte Lammstelze auf mediterranem Kartoffel-Gem\u00fcse-Ragout auf einem t\u00fcrkisen Teller. Die Lammstelze gl\u00e4nzt und hat einen Knochen, der rausschaut, dekoriert mit etwas Petersilie\" role=\"img\" ><\/div>\n\t\t\t\t\t\t\t\t\t\t\t\t\t\t<\/a>\n\t\t\t\t\t\t\t<a class=\"e-gallery-item elementor-gallery-item elementor-animated-content\" href=\"https:\/\/www.chaussee.de\/wp-content\/uploads\/IMG_3894-scaled.jpg\" data-elementor-open-lightbox=\"yes\" data-elementor-lightbox-slideshow=\"9fe72f3\" data-elementor-lightbox-title=\"2 Bratw\u00fcrste mit Kartoffelsalat\" data-e-action-hash=\"#elementor-action%3Aaction%3Dlightbox%26settings%3DeyJpZCI6Njg3MiwidXJsIjoiaHR0cHM6XC9cL3d3dy5jaGF1c3NlZS5kZVwvd3AtY29udGVudFwvdXBsb2Fkc1wvSU1HXzM4OTQtc2NhbGVkLmpwZyIsInNsaWRlc2hvdyI6IjlmZTcyZjMifQ%3D%3D\">\n\t\t\t\t\t<div class=\"e-gallery-image elementor-gallery-item__image\" data-thumbnail=\"https:\/\/www.chaussee.de\/wp-content\/uploads\/IMG_3894-357x500.jpg\" data-width=\"357\" data-height=\"500\" aria-label=\"Ein dunkelgr\u00fcner Teller mit 2 braun gebratenen Bratw\u00fcrsten, daneben Kartoffelsalat, der mit Petersilie und einer geh\u00e4lfteten Kirschtomate garniert ist\" role=\"img\" ><\/div>\n\t\t\t\t\t\t\t\t\t\t\t\t\t\t<\/a>\n\t\t\t\t\t\t\t<a class=\"e-gallery-item elementor-gallery-item elementor-animated-content\" href=\"https:\/\/www.chaussee.de\/wp-content\/uploads\/IMG_3860-scaled.jpg\" data-elementor-open-lightbox=\"yes\" data-elementor-lightbox-slideshow=\"9fe72f3\" data-elementor-lightbox-title=\"Selbstgemachte Palatschinken mit Marillenmarmelade\" data-e-action-hash=\"#elementor-action%3Aaction%3Dlightbox%26settings%3DeyJpZCI6Njg2NSwidXJsIjoiaHR0cHM6XC9cL3d3dy5jaGF1c3NlZS5kZVwvd3AtY29udGVudFwvdXBsb2Fkc1wvSU1HXzM4NjAtc2NhbGVkLmpwZyIsInNsaWRlc2hvdyI6IjlmZTcyZjMifQ%3D%3D\">\n\t\t\t\t\t<div class=\"e-gallery-image elementor-gallery-item__image\" data-thumbnail=\"https:\/\/www.chaussee.de\/wp-content\/uploads\/IMG_3860-500x375.jpg\" data-width=\"500\" data-height=\"375\" aria-label=\"2 eingerollte mit Marillenmarmelade gef\u00fcllte Palatschinken auf einem rechteckigen wei\u00dfen Teller, mit Puderzucker best\u00e4ubt und Honigmelone, Apfelschnitzen und roten Trauben serviert\" role=\"img\" ><\/div>\n\t\t\t\t\t\t\t\t\t\t\t\t\t\t<\/a>\n\t\t\t\t\t\t\t<a class=\"e-gallery-item elementor-gallery-item elementor-animated-content\" href=\"https:\/\/www.chaussee.de\/wp-content\/uploads\/IMG_4127-scaled.jpg\" data-elementor-open-lightbox=\"yes\" data-elementor-lightbox-slideshow=\"9fe72f3\" data-elementor-lightbox-title=\"Genie\u00dfer-Fr\u00fchst\u00fcck f\u00fcr 2&nbsp;Personen\" data-e-action-hash=\"#elementor-action%3Aaction%3Dlightbox%26settings%3DeyJpZCI6Njg3NCwidXJsIjoiaHR0cHM6XC9cL3d3dy5jaGF1c3NlZS5kZVwvd3AtY29udGVudFwvdXBsb2Fkc1wvSU1HXzQxMjctc2NhbGVkLmpwZyIsInNsaWRlc2hvdyI6IjlmZTcyZjMifQ%3D%3D\">\n\t\t\t\t\t<div class=\"e-gallery-image elementor-gallery-item__image\" data-thumbnail=\"https:\/\/www.chaussee.de\/wp-content\/uploads\/IMG_4127-375x500.jpg\" data-width=\"375\" data-height=\"500\" aria-label=\"Ein eingedeckter Tisch mit einer 3-st\u00f6ckigen Etagere; oben je 2 mal Butter und Marmelade, in der Mitte R\u00e4ucherlachs mit Sahnemeerrettich und roten Zwiebeln, sowie Zitronen-, Orangen- und Blutorangenscheiben, unten K\u00e4seaufschnitt, Camembertscheiben, Wurstaufschnitt, rote Trauben, Tomate-Mozzarella mit Basilikum und Balsamicocreme, Paprikaschnitze, Gurken- und Tomatenscheiben und Salatdeko. Rechts daneben steht ein Sch\u00e4lchen R\u00fchrei mit Schnittlauch garniert, sowie eine Zuckerdose. Hinter der Etagere stehen 2 kleine Gl\u00e4ser Joghurt mit frischen Fr\u00fcchten garniert. Links daneben steht ein Korb mit Br\u00f6tchen und Croissants. Davor steht ein gekochtes Ei im Eierbecher. Davor ein Teller mit Serviette und Besteck. Im Hintergrund ist ein Latte Macchiato zu sehen, sowie die wei\u00df-blauen Kissen auf der Sitzbank.\" role=\"img\" ><\/div>\n\t\t\t\t\t\t\t\t\t\t\t\t\t\t<\/a>\n\t\t\t\t\t\t\t<a class=\"e-gallery-item elementor-gallery-item elementor-animated-content\" href=\"https:\/\/www.chaussee.de\/wp-content\/uploads\/2022\/03\/Fruestueck2.jpeg\" data-elementor-open-lightbox=\"yes\" data-elementor-lightbox-slideshow=\"9fe72f3\" data-elementor-lightbox-title=\"Avocado-Landbrot mit R\u00fchrei\" data-e-action-hash=\"#elementor-action%3Aaction%3Dlightbox%26settings%3DeyJpZCI6MTc3NSwidXJsIjoiaHR0cHM6XC9cL3d3dy5jaGF1c3NlZS5kZVwvd3AtY29udGVudFwvdXBsb2Fkc1wvMjAyMlwvMDNcL0ZydWVzdHVlY2syLmpwZWciLCJzbGlkZXNob3ciOiI5ZmU3MmYzIn0%3D\">\n\t\t\t\t\t<div class=\"e-gallery-image elementor-gallery-item__image\" data-thumbnail=\"https:\/\/www.chaussee.de\/wp-content\/uploads\/2022\/03\/Fruestueck2-300x161.jpeg\" data-width=\"300\" data-height=\"161\" aria-label=\"Eine Scheibe Landbrot auf einem ovalen Teller, belegt mit kleingedr\u00fcckter Avocado, dar\u00fcber R\u00fchrei, garniert mit Kresse und Johannisbeeren, daneben zur Dekoration ein Salatblatt mit einer Scheibe Gurke, 2 Kirschtomaten und Paprika- und Karottenschnitzen sowie Erdbeerst\u00fccke und Blaubeeren\" role=\"img\" ><\/div>\n\t\t\t\t\t\t\t\t\t\t\t\t\t\t<\/a>\n\t\t\t\t\t\t\t<a class=\"e-gallery-item elementor-gallery-item elementor-animated-content\" href=\"https:\/\/www.chaussee.de\/wp-content\/uploads\/IMG_3850-scaled.jpg\" data-elementor-open-lightbox=\"yes\" data-elementor-lightbox-slideshow=\"9fe72f3\" data-elementor-lightbox-title=\"Schafsk\u00e4se im Gusspf\u00e4nnchen\" data-e-action-hash=\"#elementor-action%3Aaction%3Dlightbox%26settings%3DeyJpZCI6Njg2NCwidXJsIjoiaHR0cHM6XC9cL3d3dy5jaGF1c3NlZS5kZVwvd3AtY29udGVudFwvdXBsb2Fkc1wvSU1HXzM4NTAtc2NhbGVkLmpwZyIsInNsaWRlc2hvdyI6IjlmZTcyZjMifQ%3D%3D\">\n\t\t\t\t\t<div class=\"e-gallery-image elementor-gallery-item__image\" data-thumbnail=\"https:\/\/www.chaussee.de\/wp-content\/uploads\/IMG_3850-375x500.jpg\" data-width=\"375\" data-height=\"500\" aria-label=\"1 Schafsk\u00e4se im Gusspf\u00e4nnchen, mit Oliven, Kapern, Tomaten, roten Zwiebeln serviert, \u00fcberbacken\" role=\"img\" ><\/div>\n\t\t\t\t\t\t\t\t\t\t\t\t\t\t<\/a>\n\t\t\t\t\t\t\t<a class=\"e-gallery-item elementor-gallery-item elementor-animated-content\" href=\"https:\/\/www.chaussee.de\/wp-content\/uploads\/IMG_3869-scaled.jpg\" data-elementor-open-lightbox=\"yes\" data-elementor-lightbox-slideshow=\"9fe72f3\" data-elementor-lightbox-title=\"Flammkuchen mit Schmand Els\u00e4sser Art\" data-e-action-hash=\"#elementor-action%3Aaction%3Dlightbox%26settings%3DeyJpZCI6Njg3MSwidXJsIjoiaHR0cHM6XC9cL3d3dy5jaGF1c3NlZS5kZVwvd3AtY29udGVudFwvdXBsb2Fkc1wvSU1HXzM4Njktc2NhbGVkLmpwZyIsInNsaWRlc2hvdyI6IjlmZTcyZjMifQ%3D%3D\">\n\t\t\t\t\t<div class=\"e-gallery-image elementor-gallery-item__image\" data-thumbnail=\"https:\/\/www.chaussee.de\/wp-content\/uploads\/IMG_3869-500x365.jpg\" data-width=\"500\" data-height=\"365\" aria-label=\"Ein gr\u00f6\u00dferer ovaler goldbraun gebackener Flammkuchen mit Schmand, Zwiebeln, Speck und Gew\u00fcrzen, serviert auf einem Holzbrett\" role=\"img\" ><\/div>\n\t\t\t\t\t\t\t\t\t\t\t\t\t\t<\/a>\n\t\t\t\t\t\t\t<a class=\"e-gallery-item elementor-gallery-item elementor-animated-content\" href=\"https:\/\/www.chaussee.de\/wp-content\/uploads\/IMG_3960-scaled.jpg\" data-elementor-open-lightbox=\"yes\" data-elementor-lightbox-slideshow=\"9fe72f3\" data-elementor-lightbox-title=\"Bratw\u00fcrste von der Metzgerei Schneider in Ober-Beerbach auf dem Grill\" data-e-action-hash=\"#elementor-action%3Aaction%3Dlightbox%26settings%3DeyJpZCI6Njg3MCwidXJsIjoiaHR0cHM6XC9cL3d3dy5jaGF1c3NlZS5kZVwvd3AtY29udGVudFwvdXBsb2Fkc1wvSU1HXzM5NjAtc2NhbGVkLmpwZyIsInNsaWRlc2hvdyI6IjlmZTcyZjMifQ%3D%3D\">\n\t\t\t\t\t<div class=\"e-gallery-image elementor-gallery-item__image\" data-thumbnail=\"https:\/\/www.chaussee.de\/wp-content\/uploads\/IMG_3960-500x375.jpg\" data-width=\"500\" data-height=\"375\" aria-label=\"15 bereits recht braune Bratw\u00fcrste von der Metzgerei Schneider in Ober-Beerbach auf einem Gasgrill\" role=\"img\" ><\/div>\n\t\t\t\t\t\t\t\t\t\t\t\t\t\t<\/a>\n\t\t\t\t\t\t\t<a class=\"e-gallery-item elementor-gallery-item elementor-animated-content\" href=\"https:\/\/www.chaussee.de\/wp-content\/uploads\/IMG_3853-scaled.jpg\" data-elementor-open-lightbox=\"yes\" data-elementor-lightbox-slideshow=\"9fe72f3\" data-elementor-lightbox-title=\"Chaussee-Burger mit selbstgemachtem Kochk\u00e4se und selbstgemachter Barbecueso\u00dfe\" data-e-action-hash=\"#elementor-action%3Aaction%3Dlightbox%26settings%3DeyJpZCI6Njg1OCwidXJsIjoiaHR0cHM6XC9cL3d3dy5jaGF1c3NlZS5kZVwvd3AtY29udGVudFwvdXBsb2Fkc1wvSU1HXzM4NTMtc2NhbGVkLmpwZyIsInNsaWRlc2hvdyI6IjlmZTcyZjMifQ%3D%3D\">\n\t\t\t\t\t<div class=\"e-gallery-image elementor-gallery-item__image\" data-thumbnail=\"https:\/\/www.chaussee.de\/wp-content\/uploads\/IMG_3853-500x463.jpg\" data-width=\"500\" data-height=\"463\" aria-label=\"Chaussee-Burger auf einem t\u00fcrkisen Teller, mit selbstgemachtem Kochk\u00e4se, selbstgemachter Barbecueso\u00dfe, Jalape\u00f1os, Zwiebeln und Salat, daneben ein Sch\u00e4lchen Sour Cream und Kartoffelspalten\" role=\"img\" ><\/div>\n\t\t\t\t\t\t\t\t\t\t\t\t\t\t<\/a>\n\t\t\t\t\t<\/div>\n\t\t\t\t\t<\/div>\n\t\t\t\t<\/div>\n\t\t\t\t\t<\/div>\n\t\t\t\t<\/div>\n\t\t<div class=\"elementor-element elementor-element-d61fc39 e-flex e-con-boxed e-con e-parent\" data-id=\"d61fc39\" data-element_type=\"container\" data-e-type=\"container\">\n\t\t\t\t\t<div class=\"e-con-inner\">\n\t\t\t\t<div class=\"elementor-element elementor-element-ef5f3d9 elementor-widget elementor-widget-global elementor-global-7971 elementor-widget-spacer\" data-id=\"ef5f3d9\" data-element_type=\"widget\" data-e-type=\"widget\" data-widget_type=\"spacer.default\">\n\t\t\t\t<div class=\"elementor-widget-container\">\n\t\t\t\t\t\t\t<div class=\"elementor-spacer\">\n\t\t\t<div class=\"elementor-spacer-inner\"><\/div>\n\t\t<\/div>\n\t\t\t\t\t\t<\/div>\n\t\t\t\t<\/div>\n\t\t\t\t\t<\/div>\n\t\t\t\t<\/div>\n\t\t\t\t<\/div>\n\t\t","protected":false},"excerpt":{"rendered":"<p>Discover the culinary diversity of Brasserie Chaussee! Our menu offers a tempting selection of traditional delicacies and refreshing beverages. From delicious appetizers to exquisite main courses, paired with fine wines and refreshing drinks, we invite you to indulge your senses. Enjoy an unforgettable culinary experience with us!<\/p>","protected":false},"author":3,"featured_media":6858,"parent":1564,"menu_order":0,"comment_status":"closed","ping_status":"closed","template":"","meta":{"inline_featured_image":false,"footnotes":""},"tags":[119,12,48,67,50,118,44],"class_list":["post-5803","page","type-page","status-publish","has-post-thumbnail","hentry","tag-abendessen","tag-brasserie","tag-brasserie-garten","tag-fruehstueck","tag-kaffee-und-kuchen","tag-mittagessen","tag-speisen-und-getraenke"],"aioseo_notices":[],"_links":{"self":[{"href":"https:\/\/www.chaussee.de\/en\/wp-json\/wp\/v2\/pages\/5803","targetHints":{"allow":["GET"]}}],"collection":[{"href":"https:\/\/www.chaussee.de\/en\/wp-json\/wp\/v2\/pages"}],"about":[{"href":"https:\/\/www.chaussee.de\/en\/wp-json\/wp\/v2\/types\/page"}],"author":[{"embeddable":true,"href":"https:\/\/www.chaussee.de\/en\/wp-json\/wp\/v2\/users\/3"}],"replies":[{"embeddable":true,"href":"https:\/\/www.chaussee.de\/en\/wp-json\/wp\/v2\/comments?post=5803"}],"version-history":[{"count":5,"href":"https:\/\/www.chaussee.de\/en\/wp-json\/wp\/v2\/pages\/5803\/revisions"}],"predecessor-version":[{"id":8773,"href":"https:\/\/www.chaussee.de\/en\/wp-json\/wp\/v2\/pages\/5803\/revisions\/8773"}],"up":[{"embeddable":true,"href":"https:\/\/www.chaussee.de\/en\/wp-json\/wp\/v2\/pages\/1564"}],"wp:featuredmedia":[{"embeddable":true,"href":"https:\/\/www.chaussee.de\/en\/wp-json\/wp\/v2\/media\/6858"}],"wp:attachment":[{"href":"https:\/\/www.chaussee.de\/en\/wp-json\/wp\/v2\/media?parent=5803"}],"wp:term":[{"taxonomy":"post_tag","embeddable":true,"href":"https:\/\/www.chaussee.de\/en\/wp-json\/wp\/v2\/tags?post=5803"}],"curies":[{"name":"wp","href":"https:\/\/api.w.org\/{rel}","templated":true}]}}